{"id":9290,"date":"2025-08-07T11:52:19","date_gmt":"2025-08-07T09:52:19","guid":{"rendered":"https:\/\/www.golfclub-bergischland.de\/?page_id=9290"},"modified":"2025-08-07T11:52:19","modified_gmt":"2025-08-07T09:52:19","slug":"impressum","status":"publish","type":"page","link":"https:\/\/www.golfclub-bergischland.de\/en\/impressum\/","title":{"rendered":"Impressum"},"content":{"rendered":"\t\t<div data-elementor-type=\"wp-page\" data-elementor-id=\"9290\" class=\"elementor elementor-9290\" data-elementor-post-type=\"page\">\n\t\t\t\t<div class=\"elementor-element elementor-element-1a50491d e-flex e-con-boxed e-con e-parent\" data-id=\"1a50491d\" data-element_type=\"container\" data-e-type=\"container\" data-settings=\"{&quot;background_background&quot;:&quot;classic&quot;}\">\n\t\t\t\t\t<div class=\"e-con-inner\">\n\t\t<div class=\"elementor-element elementor-element-6804cbcd e-flex e-con-boxed e-con e-child\" data-id=\"6804cbcd\" data-element_type=\"container\" data-e-type=\"container\">\n\t\t\t\t\t<div class=\"e-con-inner\">\n\t\t\t\t<div class=\"elementor-element elementor-element-40639006 nk-titel-white-h2-serfi elementor-widget elementor-widget-heading\" data-id=\"40639006\" data-element_type=\"widget\" data-e-type=\"widget\" data-widget_type=\"heading.default\">\n\t\t\t\t\t<h2 class=\"elementor-heading-title elementor-size-default\">Impressum<\/h2>\t\t\t\t<\/div>\n\t\t\t\t\t<\/div>\n\t\t\t\t<\/div>\n\t\t\t\t\t<\/div>\n\t\t\t\t<\/div>\n\t\t<div data-custom-animations=\"true\" data-ca-options=\"{&quot;addChildTimelines&quot;:false,&quot;trigger&quot;:&quot;firstChild&quot;,&quot;animationTarget&quot;:&quot;:scope .e-con-inner &gt; .elementor-element:not(.lqd-exclude-parent-ca) &gt; .elementor-widget-container, :scope .e-con-inner &gt; .elementor-widget-hub_fancy_heading .lqd-split-lines .lqd-lines .split-inner, :scope .e-con-inner &gt; .elementor-widget-hub_fancy_heading .lqd-split-words .lqd-words .split-inner, :scope .e-con-inner &gt; .elementor-widget-hub_fancy_heading .lqd-split-chars .lqd-chars .split-inner, :scope .e-con-inner &gt; .elementor-widget-hub_fancy_heading .lqd-adv-txt-fig, :scope .e-con-inner &gt; .elementor-widget-ld_custom_menu .lqd-fancy-menu &gt; ul &gt; li&quot;,&quot;ease&quot;:[&quot;power4.out&quot;],&quot;initValues&quot;:{&quot;y&quot;:&quot;30px&quot;,&quot;opacity&quot;:0,&quot;transformOrigin&quot;:&quot;50% 50% 0px&quot;},&quot;animations&quot;:{&quot;y&quot;:&quot;0px&quot;,&quot;opacity&quot;:1,&quot;transformOrigin&quot;:&quot;50% 50% 0px&quot;}}\" class=\"elementor-element elementor-element-6520dd7 e-flex e-con-boxed e-con e-parent\" data-id=\"6520dd7\" data-element_type=\"container\" data-e-type=\"container\" data-settings=\"{&quot;background_background&quot;:&quot;classic&quot;}\">\n\t\t\t\t\t<div class=\"e-con-inner\">\n\t\t<div class=\"elementor-element elementor-element-9a8fe5d e-con-full e-flex e-con e-child\" data-id=\"9a8fe5d\" data-element_type=\"container\" data-e-type=\"container\">\n\t\t\t\t<div class=\"elementor-element elementor-element-465522f elementor-widget elementor-widget-text-editor\" data-id=\"465522f\" data-element_type=\"widget\" data-e-type=\"widget\" data-widget_type=\"text-editor.default\">\n\t\t\t\t\t\t\t\t\t<section class=\"elementor-section elementor-top-section elementor-element elementor-element-5e3c702c elementor-section-boxed elementor-section-height-default elementor-section-height-default animated fadeIn\" data-id=\"5e3c702c\" data-element_type=\"section\" data-settings=\"{&quot;animation&quot;:&quot;fadeIn&quot;}\"><div class=\"elementor-container elementor-column-gap-wider\"><div class=\"elementor-column elementor-col-66 elementor-top-column elementor-element elementor-element-5dd26782\" data-id=\"5dd26782\" data-element_type=\"column\"><div class=\"elementor-widget-wrap elementor-element-populated\"><div class=\"elementor-element elementor-element-4c56ccb elementor-widget elementor-widget-text-editor\" data-id=\"4c56ccb\" data-element_type=\"widget\" data-widget_type=\"text-editor.default\"><div class=\"elementor-widget-container\"><p><strong><span style=\"font-size: 32px;\">Impressum<\/span><\/strong><\/p><p><strong>Dienstanbieter:<\/strong><\/p><p>Golf-Club Bergisch Land Wuppertal e.V.<br \/>Siebeneicker Str. 386<br \/>D-42111 Wuppertal<br \/>Tel.: 02053 7077<br \/>Fax: 02053 7303<br \/>E-Mail:\u00a0<a href=\"mailto:info@golfclub-bergischland.de\">info@golfclub-bergischland.de<\/a><\/p><\/div><\/div><div class=\"elementor-element elementor-element-6a48991a elementor-widget elementor-widget-text-editor\" data-id=\"6a48991a\" data-element_type=\"widget\" data-widget_type=\"text-editor.default\"><div class=\"elementor-widget-container\"><p><strong>Vertretungsberechtigter Vorstand:<\/strong><\/p><p>Stephan Gerlich (Pr\u00e4sident)<br \/>Wolfram Schnurbusch (Vize-Pr\u00e4sident)<br \/>Michael Kraft (Schatzmeister)<br \/>Dr. Roland Schr\u00f6der (Schriftf\u00fchrer)<\/p><p><strong>Registergericht:<br \/><\/strong>Amtsgericht<br \/>Umsatzsteueridentifikationsnummer: DE 121 091 096<\/p><p><strong>Disclaimer:<br \/><\/strong>\u00a9 Copyright 2025 Golf-Club Bergisch Land Wuppertal e.V.\u00a0\u2013 alle Rechte vorbehalten.<\/p><\/div><\/div><\/div><\/div><\/div><\/section><section class=\"elementor-section elementor-top-section elementor-element elementor-element-cbccb96 elementor-section-boxed elementor-section-height-default elementor-section-height-default animated fadeIn\" data-id=\"cbccb96\" data-element_type=\"section\" data-settings=\"{&quot;animation&quot;:&quot;fadeIn&quot;}\"><div class=\"elementor-container elementor-column-gap-wider\"><div class=\"elementor-column elementor-col-66 elementor-top-column elementor-element elementor-element-8b0d243\" data-id=\"8b0d243\" data-element_type=\"column\"><div class=\"elementor-widget-wrap elementor-element-populated\"><div class=\"elementor-element elementor-element-18b9bcb elementor-widget elementor-widget-text-editor\" data-id=\"18b9bcb\" data-element_type=\"widget\" data-widget_type=\"text-editor.default\"><div class=\"elementor-widget-container\"><p><strong>Urheberrechte &amp; Marken<br \/><\/strong>Die Verwendung des Namens Golf-Club Bergisch Land Wuppertal e.V. bedarf der ausdr\u00fccklichen schriftlichen Einwilligung des Golf Clubs. Die Abbildungen auf dieser Seite sind Eigentum des Golf Clubs. Der unbefugte Gebrauch ist nicht gestattet.<\/p><p>Die vom Golf Club auf dieser Webseite eingestellten Inhalte und Werke unterliegen dem deutschen Urheberrecht. Die Vervielf\u00e4ltigung, Bearbeitung, Verbreitung und jede Art der Verwertung au\u00dferhalb der Grenzen des Urheberrechtes bed\u00fcrfen der schriftlichen Zustimmung des jeweiligen Autors bzw. Erstellers. Downloads und Kopien dieser Seite sind nur f\u00fcr den privaten, nicht kommerziellen Gebrauch gestattet.<\/p><p>Soweit die Inhalte auf dieser Seite nicht von uns erstellt wurden, werden die Urheberrechte Dritter beachtet. Insbesondere werden Inhalte Dritter als solche gekennzeichnet. Sollten Sie trotzdem auf eine Urheberrechtsverletzung aufmerksam werden, bitten wir um einen entsprechenden Hinweis. Bei Bekanntwerden von Rechtsverletzungen werden wir derartige Inhalte umgehend entfernen.<\/p><p><strong>Haftungsausschluss<br \/><\/strong>Als Diensteanbieter sind wir f\u00fcr eigene Inhalte auf diesen Seiten nach den allgemeinen Gesetzen verantwortlich. Alle Angaben unseres Internet-Angebotes wurden sorgf\u00e4ltig gepr\u00fcft. Wir bem\u00fchen uns, dieses Informationsangebot stetig zu erweitern und zu aktualisieren. Die Angaben auf diesen Seiten erfolgen dennoch ohne jede Gew\u00e4hr. Der Golf Club \u00fcbernimmt keinerlei Gew\u00e4hr f\u00fcr den Zeitpunkt, die Aktualit\u00e4t oder die M\u00e4ngelfreiheit der Angaben auf diesen Seiten.<\/p><p>Wir sind als Diensteanbieter jedoch nicht verpflichtet, \u00fcbermittelte oder gespeicherte fremde Informationen zu \u00fcberwachen oder nach Umst\u00e4nden zu forschen, die auf eine rechtswidrige T\u00e4tigkeit hinweisen. Verpflichtungen zur Entfernung oder Sperrung der Nutzung von Informationen nach den allgemeinen Gesetzen bleiben hiervon unber\u00fchrt. Eine diesbez\u00fcgliche Haftung ist jedoch erst ab dem Zeitpunkt der Kenntnis einer konkreten Rechtsverletzung m\u00f6glich. Bei Bekanntwerden von entsprechenden Rechtsverletzungen werden wir diese Inhalte umgehend entfernen.<\/p><p><strong>Links<br \/><\/strong>Auf der Webseite des Golf Club sind Links (=Hyperlinks) zu und von Webseiten Dritter gesetzt (z.B. Partnerclubs, Sponsoren und Partner, Golf Life, wetter.net, Hotels, Meta, Facebook, Instagram, X\/Twitter, u.a.). F\u00fcr die Inhalte der verlinkten Seiten ist stets deren jeweiliger Anbieter oder Betreiber verantwortlich. Der Golf Club macht sich diese auch nicht zu eigen, sodass keine Haftung oder Garantie \u00fcbernommen wird. Die verlinkten Seiten wurden zum Zeitpunkt der Verlinkung auf m\u00f6gliche Rechtsverst\u00f6\u00dfe \u00fcberpr\u00fcft. Rechtswidrige Inhalte waren zum Zeitpunkt der Verlinkung nicht erkennbar. Eine permanente inhaltliche Kontrolle der verlinkten Seiten ist jedoch ohne konkrete Anhaltspunkte einer Rechtsverletzung nicht zumutbar. Bei Bekanntwerden von Rechtsverletzungen werden wir derartige Links umgehend entfernen.<\/p><\/div><p><strong>Bilderquellen<\/strong><\/p><p><br \/>Folgende Bilder wurden \u00fcber\u00a0<a href=\"https:\/\/www.shutterstock.com\/\">shutterstock.com<\/a>\u00a0lizensiert:<br \/>Monkey Business Images: 38868099\u00a0<br \/>Wavebreakmedia: 452901619<br \/>oneinchpunch: 529950295<br \/>LightField Studio: 668557027<br \/>Shift Drive: 697339915<br \/>Dean Drobot: 697856830, 2120611733<br \/>bbernard: 1015145491<br \/>Ground Picture: 1234387777<br \/>bernatets photo: 491812354<\/p><p>Folgende Bilder wurden \u00fcber\u00a0<a href=\"https:\/\/www.freepik.com\/\">freepik.com<\/a>\u00a0lizensiert:<br \/>https:\/\/br.freepik.com\/fotos-premium\/jogador-de-golfe-casal-dancando-no-campo-gramado_7269626.htm<\/p><\/div><\/div><\/div><\/div><\/section>\t\t\t\t\t\t\t\t<\/div>\n\t\t\t\t<\/div>\n\t\t\t\t\t<\/div>\n\t\t\t\t<\/div>\n\t\t\t\t<\/div>\n\t\t","protected":false},"excerpt":{"rendered":"<p>Impressum Impressum Dienstanbieter: Golf-Club Bergisch Land Wuppertal e.V.Siebeneicker Str. 386D-42111 WuppertalTel.: 02053 7077Fax: 02053 7303E-Mail:\u00a0info@golfclub-bergischland.de Vertretungsberechtigter Vorstand: Stephan Gerlich (Pr\u00e4sident)Wolfram Schnurbusch (Vize-Pr\u00e4sident)Michael Kraft (Schatzmeister)Dr. Roland Schr\u00f6der (Schriftf\u00fchrer) Registergericht:AmtsgerichtUmsatzsteueridentifikationsnummer: DE 121 091 096 Disclaimer:\u00a9 Copyright 2025 Golf-Club Bergisch Land Wuppertal e.V.\u00a0\u2013 alle Rechte vorbehalten. Urheberrechte &amp; MarkenDie Verwendung des Namens Golf-Club Bergisch Land Wuppertal e.V. bedarf [&hellip;]<\/p>\n","protected":false},"author":8,"featured_media":0,"parent":0,"menu_order":0,"comment_status":"closed","ping_status":"closed","template":"","meta":{"footnotes":""},"class_list":["post-9290","page","type-page","status-publish","hentry"],"yoast_head":"<!-- This site is optimized with the Yoast SEO plugin v27.4 - https:\/\/yoast.com\/product\/yoast-seo-wordpress\/ -->\n<title>Impressum - Golf-Club Bergisch Land<\/title>\n<meta name=\"robots\" content=\"index, follow, max-snippet:-1, max-image-preview:large, max-video-preview:-1\" \/>\n<link rel=\"canonical\" href=\"https:\/\/www.golfclub-bergischland.de\/en\/impressum\/\" \/>\n<meta property=\"og:locale\" content=\"en_GB\" \/>\n<meta property=\"og:type\" content=\"article\" \/>\n<meta property=\"og:title\" content=\"Impressum - Golf-Club Bergisch Land\" \/>\n<meta property=\"og:description\" content=\"Impressum Impressum Dienstanbieter: Golf-Club Bergisch Land Wuppertal e.V.Siebeneicker Str. 386D-42111 WuppertalTel.: 02053 7077Fax: 02053 7303E-Mail:\u00a0info@golfclub-bergischland.de Vertretungsberechtigter Vorstand: Stephan Gerlich (Pr\u00e4sident)Wolfram Schnurbusch (Vize-Pr\u00e4sident)Michael Kraft (Schatzmeister)Dr. Roland Schr\u00f6der (Schriftf\u00fchrer) Registergericht:AmtsgerichtUmsatzsteueridentifikationsnummer: DE 121 091 096 Disclaimer:\u00a9 Copyright 2025 Golf-Club Bergisch Land Wuppertal e.V.\u00a0\u2013 alle Rechte vorbehalten. Urheberrechte &amp; MarkenDie Verwendung des Namens Golf-Club Bergisch Land Wuppertal e.V. bedarf [&hellip;]\" \/>\n<meta property=\"og:url\" content=\"https:\/\/www.golfclub-bergischland.de\/en\/impressum\/\" \/>\n<meta property=\"og:site_name\" content=\"Golf-Club Bergisch Land\" \/>\n<meta name=\"twitter:card\" content=\"summary_large_image\" \/>\n<meta name=\"twitter:label1\" content=\"Estimated reading time\" \/>\n\t<meta name=\"twitter:data1\" content=\"3 minutes\" \/>\n<script type=\"application\/ld+json\" class=\"yoast-schema-graph\">{\"@context\":\"https:\\\/\\\/schema.org\",\"@graph\":[{\"@type\":\"WebPage\",\"@id\":\"https:\\\/\\\/www.golfclub-bergischland.de\\\/impressum\\\/\",\"url\":\"https:\\\/\\\/www.golfclub-bergischland.de\\\/impressum\\\/\",\"name\":\"Impressum - Golf-Club Bergisch Land\",\"isPartOf\":{\"@id\":\"https:\\\/\\\/www.golfclub-bergischland.de\\\/#website\"},\"datePublished\":\"2025-08-07T09:52:19+00:00\",\"breadcrumb\":{\"@id\":\"https:\\\/\\\/www.golfclub-bergischland.de\\\/impressum\\\/#breadcrumb\"},\"inLanguage\":\"en-GB\",\"potentialAction\":[{\"@type\":\"ReadAction\",\"target\":[\"https:\\\/\\\/www.golfclub-bergischland.de\\\/impressum\\\/\"]}]},{\"@type\":\"BreadcrumbList\",\"@id\":\"https:\\\/\\\/www.golfclub-bergischland.de\\\/impressum\\\/#breadcrumb\",\"itemListElement\":[{\"@type\":\"ListItem\",\"position\":1,\"name\":\"Startseite\",\"item\":\"https:\\\/\\\/www.golfclub-bergischland.de\\\/\"},{\"@type\":\"ListItem\",\"position\":2,\"name\":\"Impressum\"}]},{\"@type\":\"WebSite\",\"@id\":\"https:\\\/\\\/www.golfclub-bergischland.de\\\/#website\",\"url\":\"https:\\\/\\\/www.golfclub-bergischland.de\\\/\",\"name\":\"Golf-Club Bergisch Land\",\"description\":\"Als erste Adresse f\u00fcr den Golfsport im Bergischen Land verwirklicht der Golf-Club Bergisch Land Wuppertal e.V. die Faszination Golf in sympathischer Atmosph\u00e4re.\",\"potentialAction\":[{\"@type\":\"SearchAction\",\"target\":{\"@type\":\"EntryPoint\",\"urlTemplate\":\"https:\\\/\\\/www.golfclub-bergischland.de\\\/?s={search_term_string}\"},\"query-input\":{\"@type\":\"PropertyValueSpecification\",\"valueRequired\":true,\"valueName\":\"search_term_string\"}}],\"inLanguage\":\"en-GB\"}]}<\/script>\n<!-- \/ Yoast SEO plugin. -->","yoast_head_json":{"title":"Impressum - Golf-Club Bergisch Land","robots":{"index":"index","follow":"follow","max-snippet":"max-snippet:-1","max-image-preview":"max-image-preview:large","max-video-preview":"max-video-preview:-1"},"canonical":"https:\/\/www.golfclub-bergischland.de\/en\/impressum\/","og_locale":"en_GB","og_type":"article","og_title":"Impressum - Golf-Club Bergisch Land","og_description":"Impressum Impressum Dienstanbieter: Golf-Club Bergisch Land Wuppertal e.V.Siebeneicker Str. 386D-42111 WuppertalTel.: 02053 7077Fax: 02053 7303E-Mail:\u00a0info@golfclub-bergischland.de Vertretungsberechtigter Vorstand: Stephan Gerlich (Pr\u00e4sident)Wolfram Schnurbusch (Vize-Pr\u00e4sident)Michael Kraft (Schatzmeister)Dr. Roland Schr\u00f6der (Schriftf\u00fchrer) Registergericht:AmtsgerichtUmsatzsteueridentifikationsnummer: DE 121 091 096 Disclaimer:\u00a9 Copyright 2025 Golf-Club Bergisch Land Wuppertal e.V.\u00a0\u2013 alle Rechte vorbehalten. Urheberrechte &amp; MarkenDie Verwendung des Namens Golf-Club Bergisch Land Wuppertal e.V. bedarf [&hellip;]","og_url":"https:\/\/www.golfclub-bergischland.de\/en\/impressum\/","og_site_name":"Golf-Club Bergisch Land","twitter_card":"summary_large_image","twitter_misc":{"Estimated reading time":"3 minutes"},"schema":{"@context":"https:\/\/schema.org","@graph":[{"@type":"WebPage","@id":"https:\/\/www.golfclub-bergischland.de\/impressum\/","url":"https:\/\/www.golfclub-bergischland.de\/impressum\/","name":"Impressum - Golf-Club Bergisch Land","isPartOf":{"@id":"https:\/\/www.golfclub-bergischland.de\/#website"},"datePublished":"2025-08-07T09:52:19+00:00","breadcrumb":{"@id":"https:\/\/www.golfclub-bergischland.de\/impressum\/#breadcrumb"},"inLanguage":"en-GB","potentialAction":[{"@type":"ReadAction","target":["https:\/\/www.golfclub-bergischland.de\/impressum\/"]}]},{"@type":"BreadcrumbList","@id":"https:\/\/www.golfclub-bergischland.de\/impressum\/#breadcrumb","itemListElement":[{"@type":"ListItem","position":1,"name":"Startseite","item":"https:\/\/www.golfclub-bergischland.de\/"},{"@type":"ListItem","position":2,"name":"Impressum"}]},{"@type":"WebSite","@id":"https:\/\/www.golfclub-bergischland.de\/#website","url":"https:\/\/www.golfclub-bergischland.de\/","name":"Golf-Club Bergisch Land","description":"Als erste Adresse f\u00fcr den Golfsport im Bergischen Land verwirklicht der Golf-Club Bergisch Land Wuppertal e.V. die Faszination Golf in sympathischer Atmosph\u00e4re.","potentialAction":[{"@type":"SearchAction","target":{"@type":"EntryPoint","urlTemplate":"https:\/\/www.golfclub-bergischland.de\/?s={search_term_string}"},"query-input":{"@type":"PropertyValueSpecification","valueRequired":true,"valueName":"search_term_string"}}],"inLanguage":"en-GB"}]}},"_links":{"self":[{"href":"https:\/\/www.golfclub-bergischland.de\/en\/wp-json\/wp\/v2\/pages\/9290","targetHints":{"allow":["GET"]}}],"collection":[{"href":"https:\/\/www.golfclub-bergischland.de\/en\/wp-json\/wp\/v2\/pages"}],"about":[{"href":"https:\/\/www.golfclub-bergischland.de\/en\/wp-json\/wp\/v2\/types\/page"}],"author":[{"embeddable":true,"href":"https:\/\/www.golfclub-bergischland.de\/en\/wp-json\/wp\/v2\/users\/8"}],"replies":[{"embeddable":true,"href":"https:\/\/www.golfclub-bergischland.de\/en\/wp-json\/wp\/v2\/comments?post=9290"}],"version-history":[{"count":7,"href":"https:\/\/www.golfclub-bergischland.de\/en\/wp-json\/wp\/v2\/pages\/9290\/revisions"}],"predecessor-version":[{"id":9297,"href":"https:\/\/www.golfclub-bergischland.de\/en\/wp-json\/wp\/v2\/pages\/9290\/revisions\/9297"}],"wp:attachment":[{"href":"https:\/\/www.golfclub-bergischland.de\/en\/wp-json\/wp\/v2\/media?parent=9290"}],"curies":[{"name":"wp","href":"https:\/\/api.w.org\/{rel}","templated":true}]}}