{"id":9746,"date":"2026-01-19T21:02:21","date_gmt":"2026-01-19T20:02:21","guid":{"rendered":"https:\/\/www.golfclub-bergischland.de\/?page_id=9746"},"modified":"2026-01-19T21:52:35","modified_gmt":"2026-01-19T20:52:35","slug":"kontakt","status":"publish","type":"page","link":"https:\/\/www.golfclub-bergischland.de\/en\/kontakt\/","title":{"rendered":"Kontaktformular"},"content":{"rendered":"<div data-elementor-type=\"wp-page\" data-elementor-id=\"9746\" class=\"elementor elementor-9746\" data-elementor-post-type=\"page\">\n\t\t\t\t<div class=\"elementor-element elementor-element-1a50491d e-flex e-con-boxed e-con e-parent\" data-id=\"1a50491d\" data-element_type=\"container\" data-e-type=\"container\" data-settings=\"{&quot;background_background&quot;:&quot;classic&quot;}\">\n\t\t\t\t\t<div class=\"e-con-inner\">\n\t\t\t\t\t<\/div>\n\t\t\t\t<\/div>\n\t\t<div class=\"elementor-element elementor-element-d75b4eb e-flex e-con-boxed e-con e-parent\" data-id=\"d75b4eb\" data-element_type=\"container\" data-e-type=\"container\">\n\t\t\t\t\t<div class=\"e-con-inner\">\n\t\t<div class=\"elementor-element elementor-element-29113ec e-con-full e-flex e-con e-child\" data-id=\"29113ec\" data-element_type=\"container\" data-e-type=\"container\">\n\t\t\t\t<div class=\"elementor-element elementor-element-12c2394 nk-titel-Green-h6-no-serfi elementor-widget elementor-widget-hub_fancy_heading\" data-id=\"12c2394\" data-element_type=\"widget\" data-e-type=\"widget\" data-widget_type=\"hub_fancy_heading.default\">\n\t\t\t\t<div class=\"elementor-widget-container\">\n\t\t\t\t\t\n\t\t<div id=\"ld-fancy-heading-69f77e82d3158\" class=\"ld-fancy-heading pos-rel\">\n\t\t\t<h6 class=\"ld-fh-element d-inline-block pos-rel  elementor-heading-title lqd-highlight-classic lqd-highlight-grow-left h6\"  > Nehmen sie Kontakt zu uns auf!<\/h6>\t\t<\/div>\n\n\t\t\t\t\t\t<\/div>\n\t\t\t\t<\/div>\n\t\t\t\t<div class=\"elementor-element elementor-element-26b34c3 elementor-widget__width-initial elementor-widget-mobile__width-inherit nk-titel-Green-h2-serfi elementor-widget elementor-widget-hub_fancy_heading\" data-id=\"26b34c3\" data-element_type=\"widget\" data-e-type=\"widget\" data-widget_type=\"hub_fancy_heading.default\">\n\t\t\t\t<div class=\"elementor-widget-container\">\n\t\t\t\t\t\n\t\t<div id=\"ld-fancy-heading-69f77e82d37dc\" class=\"ld-fancy-heading pos-rel\">\n\t\t\t<h2 class=\"ld-fh-element d-inline-block pos-rel  elementor-heading-title lqd-highlight-classic lqd-highlight-grow-left h2\"  > Kontaktformular<\/h2>\t\t<\/div>\n\n\t\t\t\t\t\t<\/div>\n\t\t\t\t<\/div>\n\t\t\t\t<\/div>\n\t\t\t\t\t<\/div>\n\t\t\t\t<\/div>\n\t\t<div class=\"elementor-element elementor-element-f038e61 e-flex e-con-boxed e-con e-parent\" data-id=\"f038e61\" data-element_type=\"container\" data-e-type=\"container\">\n\t\t\t\t\t<div class=\"e-con-inner\">\n\t\t<div class=\"elementor-element elementor-element-2897a47 e-con-full e-flex e-con e-child\" data-id=\"2897a47\" data-element_type=\"container\" data-e-type=\"container\">\n\t\t\t\t<\/div>\n\t\t\t\t<div class=\"elementor-element elementor-element-d34db1d elementor-widget elementor-widget-ld_cf722\" data-id=\"d34db1d\" data-element_type=\"widget\" data-e-type=\"widget\" data-widget_type=\"ld_cf722.default\">\n\t\t\t\t<div class=\"elementor-widget-container\">\n\t\t\t\t\t\n\t<div class=\"lqd-contact-form      lqd-contact-form-button-lg\">\n\t\t\n<div class=\"wpcf7 no-js\" id=\"wpcf7-f9742-o1\" lang=\"de-DE\" dir=\"ltr\" data-wpcf7-id=\"9742\">\n<div class=\"screen-reader-response\"><p role=\"status\" aria-live=\"polite\" aria-atomic=\"true\"><\/p> <ul><\/ul><\/div>\n<form action=\"\/en\/wp-json\/wp\/v2\/pages\/9746#wpcf7-f9742-o1\" method=\"post\" class=\"wpcf7-form init\" aria-label=\"Kontaktformular\" novalidate=\"novalidate\" data-status=\"init\" data-trp-original-action=\"\/en\/wp-json\/wp\/v2\/pages\/9746#wpcf7-f9742-o1\">\n<fieldset class=\"hidden-fields-container\"><input type=\"hidden\" name=\"_wpcf7\" value=\"9742\" \/><input type=\"hidden\" name=\"_wpcf7_version\" value=\"6.1.5\" \/><input type=\"hidden\" name=\"_wpcf7_locale\" value=\"de_DE\" \/><input type=\"hidden\" name=\"_wpcf7_unit_tag\" value=\"wpcf7-f9742-o1\" \/><input type=\"hidden\" name=\"_wpcf7_container_post\" value=\"0\" \/><input type=\"hidden\" name=\"_wpcf7_posted_data_hash\" value=\"\" \/>\n<\/fieldset>\n<p><label> Name<br \/>\n<span class=\"wpcf7-form-control-wrap\" data-name=\"your-name\"><input size=\"40\" maxlength=\"400\" class=\"wpcf7-form-control wpcf7-text wpcf7-validates-as-required\" autocomplete=\"name\" aria-required=\"true\" aria-invalid=\"false\" value=\"\" type=\"text\" name=\"your-name\" \/><\/span> <\/label>\n<\/p>\n<p><label> E-Mail-Adresse<br \/>\n<span class=\"wpcf7-form-control-wrap\" data-name=\"your-email\"><input size=\"40\" maxlength=\"400\" class=\"wpcf7-form-control wpcf7-email wpcf7-validates-as-required wpcf7-text wpcf7-validates-as-email\" autocomplete=\"email\" aria-required=\"true\" aria-invalid=\"false\" value=\"\" type=\"email\" name=\"your-email\" \/><\/span> <\/label>\n<\/p>\n<p><label> Telefonnummer f\u00fcr R\u00fcckruf<br \/>\n<span class=\"wpcf7-form-control-wrap\" data-name=\"telefon\"><input size=\"40\" maxlength=\"400\" class=\"wpcf7-form-control wpcf7-tel wpcf7-validates-as-required wpcf7-text wpcf7-validates-as-tel\" aria-required=\"true\" aria-invalid=\"false\" value=\"\" type=\"tel\" name=\"telefon\" \/><\/span><\/label>\n<\/p>\n<p><label> Gew\u00fcnschtes Datum<br \/>\n<span class=\"wpcf7-form-control-wrap\" data-name=\"your-subject\"><input size=\"40\" maxlength=\"400\" class=\"wpcf7-form-control wpcf7-text wpcf7-validates-as-required\" aria-required=\"true\" aria-invalid=\"false\" value=\"\" type=\"text\" name=\"your-subject\" \/><\/span> <\/label>\n<\/p>\n<p><label> Ihre Nachricht<br \/>\n<span class=\"wpcf7-form-control-wrap\" data-name=\"your-message\"><textarea cols=\"40\" rows=\"10\" maxlength=\"2000\" class=\"wpcf7-form-control wpcf7-textarea\" aria-invalid=\"false\" name=\"your-message\"><\/textarea><\/span> <\/label>\n<\/p>\n<p><input class=\"wpcf7-form-control wpcf7-submit has-spinner\" type=\"submit\" value=\"Send\" \/>\n<\/p><div class=\"wpcf7-response-output\" aria-hidden=\"true\"><\/div>\n<input type=\"hidden\" name=\"trp-form-language\" value=\"en\"\/><\/form>\n<\/div>\n\t<\/div>\n\n\t\t\t\t\t<\/div>\n\t\t\t\t<\/div>\n\t\t\t\t\t<\/div>\n\t\t\t\t<\/div>\n\t\t<div class=\"elementor-element elementor-element-e787c80 e-flex e-con-boxed e-con e-parent\" data-id=\"e787c80\" data-element_type=\"container\" data-e-type=\"container\">\n\t\t\t\t\t<div class=\"e-con-inner\">\n\t\t\t\t<div class=\"elementor-element elementor-element-9c2acbd elementor-widget elementor-widget-hub_fancy_heading\" data-id=\"9c2acbd\" data-element_type=\"widget\" data-e-type=\"widget\" data-widget_type=\"hub_fancy_heading.default\">\n\t\t\t\t<div class=\"elementor-widget-container\">\n\t\t\t\t\t\n\t\t<div id=\"ld-fancy-heading-69f77e82d642b\" class=\"ld-fancy-heading pos-rel\">\n\t\t\t<span class=\"ld-fh-element d-inline-block pos-rel  lqd-highlight-classic lqd-highlight-grow-left span\"  > Mit dem Absenden des Kontaktformulars best\u00e4tigen Sie, dass Sie die Datenschutzhinweise zur Kenntnis genommen haben. Sie stimmen zu, dass Ihre angegebenen Daten zum Zwecke der Kontaktaufnahme und Bearbeitung Ihrer Anfrage verarbeitet werden.<\/span>\t\t<\/div>\n\n\t\t\t\t\t\t<\/div>\n\t\t\t\t<\/div>\n\t\t\t\t\t<\/div>\n\t\t\t\t<\/div>\n\t\t\t\t<\/div>","protected":false},"excerpt":{"rendered":"<p>Nehmen sie Kontakt zu uns auf! Kontaktformular Name E-Mail-Adresse Telefonnummer f\u00fcr R\u00fcckruf Gew\u00fcnschtes Datum Ihre Nachricht Mit dem Absenden des Kontaktformulars best\u00e4tigen Sie, dass Sie die Datenschutzhinweise zur Kenntnis genommen haben. Sie stimmen zu, dass Ihre angegebenen Daten zum Zwecke der Kontaktaufnahme und Bearbeitung Ihrer Anfrage verarbeitet werden.<\/p>","protected":false},"author":7,"featured_media":0,"parent":0,"menu_order":0,"comment_status":"closed","ping_status":"closed","template":"","meta":{"footnotes":""},"class_list":["post-9746","page","type-page","status-publish","hentry"],"yoast_head":"<!-- This site is optimized with the Yoast SEO plugin v27.4 - https:\/\/yoast.com\/product\/yoast-seo-wordpress\/ -->\n<title>Kontaktformular - Golf-Club Bergisch Land<\/title>\n<meta name=\"robots\" content=\"index, follow, max-snippet:-1, max-image-preview:large, max-video-preview:-1\" \/>\n<link rel=\"canonical\" href=\"https:\/\/www.golfclub-bergischland.de\/en\/kontakt\/\" \/>\n<meta property=\"og:locale\" content=\"en_GB\" \/>\n<meta property=\"og:type\" content=\"article\" \/>\n<meta property=\"og:title\" content=\"Kontaktformular - Golf-Club Bergisch Land\" \/>\n<meta property=\"og:description\" content=\"Nehmen sie Kontakt zu uns auf! Kontaktformular Name E-Mail-Adresse Telefonnummer f\u00fcr R\u00fcckruf Gew\u00fcnschtes Datum Ihre Nachricht Mit dem Absenden des Kontaktformulars best\u00e4tigen Sie, dass Sie die Datenschutzhinweise zur Kenntnis genommen haben. Sie stimmen zu, dass Ihre angegebenen Daten zum Zwecke der Kontaktaufnahme und Bearbeitung Ihrer Anfrage verarbeitet werden.\" \/>\n<meta property=\"og:url\" content=\"https:\/\/www.golfclub-bergischland.de\/en\/kontakt\/\" \/>\n<meta property=\"og:site_name\" content=\"Golf-Club Bergisch Land\" \/>\n<meta property=\"article:modified_time\" content=\"2026-01-19T20:52:35+00:00\" \/>\n<meta name=\"twitter:card\" content=\"summary_large_image\" \/>\n<meta name=\"twitter:label1\" content=\"Estimated reading time\" \/>\n\t<meta name=\"twitter:data1\" content=\"1 minute\" \/>\n<script type=\"application\/ld+json\" class=\"yoast-schema-graph\">{\"@context\":\"https:\\\/\\\/schema.org\",\"@graph\":[{\"@type\":\"WebPage\",\"@id\":\"https:\\\/\\\/www.golfclub-bergischland.de\\\/kontakt\\\/\",\"url\":\"https:\\\/\\\/www.golfclub-bergischland.de\\\/kontakt\\\/\",\"name\":\"Kontaktformular - Golf-Club Bergisch Land\",\"isPartOf\":{\"@id\":\"https:\\\/\\\/www.golfclub-bergischland.de\\\/#website\"},\"datePublished\":\"2026-01-19T20:02:21+00:00\",\"dateModified\":\"2026-01-19T20:52:35+00:00\",\"breadcrumb\":{\"@id\":\"https:\\\/\\\/www.golfclub-bergischland.de\\\/kontakt\\\/#breadcrumb\"},\"inLanguage\":\"en-GB\",\"potentialAction\":[{\"@type\":\"ReadAction\",\"target\":[\"https:\\\/\\\/www.golfclub-bergischland.de\\\/kontakt\\\/\"]}]},{\"@type\":\"BreadcrumbList\",\"@id\":\"https:\\\/\\\/www.golfclub-bergischland.de\\\/kontakt\\\/#breadcrumb\",\"itemListElement\":[{\"@type\":\"ListItem\",\"position\":1,\"name\":\"Startseite\",\"item\":\"https:\\\/\\\/www.golfclub-bergischland.de\\\/\"},{\"@type\":\"ListItem\",\"position\":2,\"name\":\"Kontaktformular\"}]},{\"@type\":\"WebSite\",\"@id\":\"https:\\\/\\\/www.golfclub-bergischland.de\\\/#website\",\"url\":\"https:\\\/\\\/www.golfclub-bergischland.de\\\/\",\"name\":\"Golf-Club Bergisch Land\",\"description\":\"Als erste Adresse f\u00fcr den Golfsport im Bergischen Land verwirklicht der Golf-Club Bergisch Land Wuppertal e.V. die Faszination Golf in sympathischer Atmosph\u00e4re.\",\"potentialAction\":[{\"@type\":\"SearchAction\",\"target\":{\"@type\":\"EntryPoint\",\"urlTemplate\":\"https:\\\/\\\/www.golfclub-bergischland.de\\\/?s={search_term_string}\"},\"query-input\":{\"@type\":\"PropertyValueSpecification\",\"valueRequired\":true,\"valueName\":\"search_term_string\"}}],\"inLanguage\":\"en-GB\"}]}<\/script>\n<!-- \/ Yoast SEO plugin. -->","yoast_head_json":{"title":"Kontaktformular - Golf-Club Bergisch Land","robots":{"index":"index","follow":"follow","max-snippet":"max-snippet:-1","max-image-preview":"max-image-preview:large","max-video-preview":"max-video-preview:-1"},"canonical":"https:\/\/www.golfclub-bergischland.de\/en\/kontakt\/","og_locale":"en_GB","og_type":"article","og_title":"Kontaktformular - Golf-Club Bergisch Land","og_description":"Nehmen sie Kontakt zu uns auf! Kontaktformular Name E-Mail-Adresse Telefonnummer f\u00fcr R\u00fcckruf Gew\u00fcnschtes Datum Ihre Nachricht Mit dem Absenden des Kontaktformulars best\u00e4tigen Sie, dass Sie die Datenschutzhinweise zur Kenntnis genommen haben. Sie stimmen zu, dass Ihre angegebenen Daten zum Zwecke der Kontaktaufnahme und Bearbeitung Ihrer Anfrage verarbeitet werden.","og_url":"https:\/\/www.golfclub-bergischland.de\/en\/kontakt\/","og_site_name":"Golf-Club Bergisch Land","article_modified_time":"2026-01-19T20:52:35+00:00","twitter_card":"summary_large_image","twitter_misc":{"Estimated reading time":"1 minute"},"schema":{"@context":"https:\/\/schema.org","@graph":[{"@type":"WebPage","@id":"https:\/\/www.golfclub-bergischland.de\/kontakt\/","url":"https:\/\/www.golfclub-bergischland.de\/kontakt\/","name":"Kontaktformular - Golf-Club Bergisch Land","isPartOf":{"@id":"https:\/\/www.golfclub-bergischland.de\/#website"},"datePublished":"2026-01-19T20:02:21+00:00","dateModified":"2026-01-19T20:52:35+00:00","breadcrumb":{"@id":"https:\/\/www.golfclub-bergischland.de\/kontakt\/#breadcrumb"},"inLanguage":"en-GB","potentialAction":[{"@type":"ReadAction","target":["https:\/\/www.golfclub-bergischland.de\/kontakt\/"]}]},{"@type":"BreadcrumbList","@id":"https:\/\/www.golfclub-bergischland.de\/kontakt\/#breadcrumb","itemListElement":[{"@type":"ListItem","position":1,"name":"Startseite","item":"https:\/\/www.golfclub-bergischland.de\/"},{"@type":"ListItem","position":2,"name":"Kontaktformular"}]},{"@type":"WebSite","@id":"https:\/\/www.golfclub-bergischland.de\/#website","url":"https:\/\/www.golfclub-bergischland.de\/","name":"Golf-Club Bergisch Land","description":"Als erste Adresse f\u00fcr den Golfsport im Bergischen Land verwirklicht der Golf-Club Bergisch Land Wuppertal e.V. die Faszination Golf in sympathischer Atmosph\u00e4re.","potentialAction":[{"@type":"SearchAction","target":{"@type":"EntryPoint","urlTemplate":"https:\/\/www.golfclub-bergischland.de\/?s={search_term_string}"},"query-input":{"@type":"PropertyValueSpecification","valueRequired":true,"valueName":"search_term_string"}}],"inLanguage":"en-GB"}]}},"_links":{"self":[{"href":"https:\/\/www.golfclub-bergischland.de\/en\/wp-json\/wp\/v2\/pages\/9746","targetHints":{"allow":["GET"]}}],"collection":[{"href":"https:\/\/www.golfclub-bergischland.de\/en\/wp-json\/wp\/v2\/pages"}],"about":[{"href":"https:\/\/www.golfclub-bergischland.de\/en\/wp-json\/wp\/v2\/types\/page"}],"author":[{"embeddable":true,"href":"https:\/\/www.golfclub-bergischland.de\/en\/wp-json\/wp\/v2\/users\/7"}],"replies":[{"embeddable":true,"href":"https:\/\/www.golfclub-bergischland.de\/en\/wp-json\/wp\/v2\/comments?post=9746"}],"version-history":[{"count":20,"href":"https:\/\/www.golfclub-bergischland.de\/en\/wp-json\/wp\/v2\/pages\/9746\/revisions"}],"predecessor-version":[{"id":9772,"href":"https:\/\/www.golfclub-bergischland.de\/en\/wp-json\/wp\/v2\/pages\/9746\/revisions\/9772"}],"wp:attachment":[{"href":"https:\/\/www.golfclub-bergischland.de\/en\/wp-json\/wp\/v2\/media?parent=9746"}],"curies":[{"name":"wp","href":"https:\/\/api.w.org\/{rel}","templated":true}]}}